{"id":139,"date":"2021-04-09T09:42:38","date_gmt":"2021-04-09T07:42:38","guid":{"rendered":"https:\/\/www.heidrunwarmuth.de\/?page_id=139"},"modified":"2021-05-19T14:23:01","modified_gmt":"2021-05-19T12:23:01","slug":"139-2","status":"publish","type":"page","link":"https:\/\/www.heidrunwarmuth.de\/?page_id=139","title":{"rendered":"\u00dcber mich"},"content":{"rendered":"\n<div class=\"wp-block-media-text alignwide is-stacked-on-mobile\" style=\"grid-template-columns:36% auto\"><figure class=\"wp-block-media-text__media\"><img loading=\"lazy\" decoding=\"async\" width=\"768\" height=\"1024\" src=\"https:\/\/www.heidrunwarmuth.de\/wp-content\/uploads\/2021\/04\/IMG_20210224_152008-768x1024.jpg\" alt=\"\" class=\"wp-image-481 size-full\" srcset=\"https:\/\/www.heidrunwarmuth.de\/wp-content\/uploads\/2021\/04\/IMG_20210224_152008-768x1024.jpg 768w, https:\/\/www.heidrunwarmuth.de\/wp-content\/uploads\/2021\/04\/IMG_20210224_152008-225x300.jpg 225w, https:\/\/www.heidrunwarmuth.de\/wp-content\/uploads\/2021\/04\/IMG_20210224_152008-1152x1536.jpg 1152w, https:\/\/www.heidrunwarmuth.de\/wp-content\/uploads\/2021\/04\/IMG_20210224_152008-1536x2048.jpg 1536w, https:\/\/www.heidrunwarmuth.de\/wp-content\/uploads\/2021\/04\/IMG_20210224_152008-scaled.jpg 1920w\" sizes=\"auto, (max-width: 767px) 89vw, (max-width: 1000px) 54vw, (max-width: 1071px) 543px, 580px\" \/><\/figure><div class=\"wp-block-media-text__content\">\n<p>Schon immer hatte ich viel Sinn f\u00fcr kleine Dinge, wie z.B. Kellerasseln, besondes die, die sich zu einer Kugel aufrollen k\u00f6nnen. Aber auch der Lehm vom wilden Nachbargrundst\u00fcck hat mit fasziniert: Man konnte alles M\u00f6gliche daraus formen!<\/p>\n<\/div><\/div>\n\n\n\n<div class=\"wp-block-columns are-vertically-aligned-center is-style-twentytwentyone-columns-overlap is-layout-flex wp-container-core-columns-is-layout-9d6595d7 wp-block-columns-is-layout-flex\">\n<div class=\"wp-block-column is-vertically-aligned-center is-layout-flow wp-block-column-is-layout-flow\" style=\"flex-basis:100%\">\n<div class=\"wp-block-columns is-layout-flex wp-container-core-columns-is-layout-9d6595d7 wp-block-columns-is-layout-flex\">\n<div class=\"wp-block-column is-layout-flow wp-block-column-is-layout-flow\" style=\"flex-basis:100%\">\n<p>Geboren wurde ich an der Nordsee mit viel Schmuddelwetter und einem wunderbar grauen Meer.<\/p>\n\n\n\n<p>Nach einem Lehramtstudium in Kassel (Kunst und Deutsch) erhielt ich an der Hochschule f\u00fcr Schauspielkunst Ernst Busch in Berlin meine Ausbildung als Puppenspielerin. <\/p>\n\n\n\n<p>Danach folgten einige Lehrjahre am Theater Junge Generation in Dresden. Seit 2001 wirkte ich an unterschiedlichsten Theaterprojekten und B\u00fchnen mit, wie z.B. am Theater am Turm in Frankfurt a.M., mit dem Theater Lakritz (Maximiliane und die Monster), in einer international besetzten Inszenierung vom &#8222;Sturm&#8220; in Italien und Frankreich mit D. Pitoiset und M.Joss und vieles mehr. Au\u00dferdem arbeitete ich f\u00fcr den SWR, las H\u00f6rb\u00fccher, schrieb B\u00fchnenfassungen und baute Puppen &#8211;<em> diese Vielf\u00e4ltigkeit liebe ich besonders an meinem Beruf und nat\u00fcrlich die Arbeit und Begegnung mit anderen Menschen!<\/em><\/p>\n\n\n\n<p>In Esslingen am Neckar machte ich meine erste Regie: Robinson Crusoe als Solost\u00fcck &#8211; mit einem Brot als Insel, es lief 7Jahre lang an der Jungen W\u00fcrttembergischen Landesb\u00fchne.  Darauf folgten 13 weitere Regiearbeiten, die letzte 2020 in Senftenberg: &#8222;Liebe Gr\u00fc\u00dfe&#8220;.  <em>Bei Regiearbeiten mag ich es sehr, wenn die Zuschauer durch einfache Mittel in den Bann gezogen werden<\/em>. Gerade bei Klassenzimmerst\u00fccken ist es immer wieder eine Herausforderung, mit wenigen Mitteln Kinder und Jugendliche in eine andere Welt einzuladen.<\/p>\n\n\n\n<p>Eine andere Leidenschaft von mir ist das Vorgelesenbekommen und das Vorlesen bzw. Einsprechen. Meine ersten Aufnahmen habe ich vor langer Zeit f\u00fcr eine blinde Freundin gemacht:  Es handelte sich um ein Massagelehrbuch und &#8222;Nostradamus&#8220; &#8211; beides nicht ganz einfach, aber Spa\u00df gemacht hat es trotzdem.  <em> Vorlesen und Puppentheater haben vielleicht etwas gemeinsam: beides l\u00e4sst beim Zuh\u00f6ren bzw. Zuschauen viel Raum f\u00fcr die eigene Fantasie.<\/em><\/p>\n\n\n\n<p>Der Ursprung meiner T\u00e4tigkeit als Puppenbauerin liegt vielleicht in besagtem Lehm des verwilderten Nachbargrundst\u00fccks. <em>Es ist faszinierend, die Seele einer Puppe zu suchen und manchmal auch zu finden &#8211; dann ist sie pl\u00f6tzlich da: ein eigenst\u00e4ndiges Wesen, abgenabelt von ihrer Erbauerin.<\/em><\/p>\n\n\n\n<p>Zur Zeit lebe ich mit  meiner Familie und meinen drei Kindern in Esslingen am Neckar.<\/p>\n<\/div>\n<\/div>\n<\/div>\n<\/div>\n\n\n\n<p><strong> <\/strong><a href=\"https:\/\/www.heidrunwarmuth.de\/?page_id=253\">Vita<\/a><\/p>\n","protected":false},"excerpt":{"rendered":"<p>Schon immer hatte ich viel Sinn f\u00fcr kleine Dinge, wie z.B. Kellerasseln, besondes die, die sich zu einer Kugel aufrollen k\u00f6nnen. Aber auch der Lehm vom wilden Nachbargrundst\u00fcck hat mit fasziniert: Man konnte alles M\u00f6gliche daraus formen! Geboren wurde ich an der Nordsee mit viel Schmuddelwetter und einem wunderbar grauen Meer. Nach einem Lehramtstudium in &hellip; <\/p>\n<p class=\"link-more\"><a href=\"https:\/\/www.heidrunwarmuth.de\/?page_id=139\" class=\"more-link\"><span class=\"screen-reader-text\">\u201e\u00dcber mich\u201c <\/span>weiterlesen<\/a><\/p>\n","protected":false},"author":3,"featured_media":84,"parent":0,"menu_order":0,"comment_status":"closed","ping_status":"closed","template":"","meta":{"ngg_post_thumbnail":0,"footnotes":""},"class_list":["post-139","page","type-page","status-publish","has-post-thumbnail","hentry"],"_links":{"self":[{"href":"https:\/\/www.heidrunwarmuth.de\/index.php?rest_route=\/wp\/v2\/pages\/139","targetHints":{"allow":["GET"]}}],"collection":[{"href":"https:\/\/www.heidrunwarmuth.de\/index.php?rest_route=\/wp\/v2\/pages"}],"about":[{"href":"https:\/\/www.heidrunwarmuth.de\/index.php?rest_route=\/wp\/v2\/types\/page"}],"author":[{"embeddable":true,"href":"https:\/\/www.heidrunwarmuth.de\/index.php?rest_route=\/wp\/v2\/users\/3"}],"replies":[{"embeddable":true,"href":"https:\/\/www.heidrunwarmuth.de\/index.php?rest_route=%2Fwp%2Fv2%2Fcomments&post=139"}],"version-history":[{"count":48,"href":"https:\/\/www.heidrunwarmuth.de\/index.php?rest_route=\/wp\/v2\/pages\/139\/revisions"}],"predecessor-version":[{"id":1205,"href":"https:\/\/www.heidrunwarmuth.de\/index.php?rest_route=\/wp\/v2\/pages\/139\/revisions\/1205"}],"wp:featuredmedia":[{"embeddable":true,"href":"https:\/\/www.heidrunwarmuth.de\/index.php?rest_route=\/wp\/v2\/media\/84"}],"wp:attachment":[{"href":"https:\/\/www.heidrunwarmuth.de\/index.php?rest_route=%2Fwp%2Fv2%2Fmedia&parent=139"}],"curies":[{"name":"wp","href":"https:\/\/api.w.org\/{rel}","templated":true}]}}