{"id":1609,"date":"2023-11-11T16:25:31","date_gmt":"2023-11-11T15:25:31","guid":{"rendered":"https:\/\/www.heidrunwarmuth.de\/?page_id=1609"},"modified":"2024-07-12T14:55:20","modified_gmt":"2024-07-12T12:55:20","slug":"technisches-und-organisatorisches-menschheit","status":"publish","type":"page","link":"https:\/\/www.heidrunwarmuth.de\/?page_id=1609","title":{"rendered":"Techn.\/Organisatorisches"},"content":{"rendered":"\r\n<figure class=\"wp-block-table\">\r\n<table>\r\n<tbody>\r\n<tr>\r\n<td>Alter<\/td>\r\n<td>4.-6. Klasse<\/td>\r\n<\/tr>\r\n<tr>\r\n<td>Zuschauerbegrenzung<\/td>\r\n<td>50 ohne Nachbereitung, sonst 30<\/td>\r\n<\/tr>\r\n<tr>\r\n<td>Dauer<\/td>\r\n<td>45min<\/td>\r\n<\/tr>\r\n<tr>\r\n<td>Zuschauerraum<\/td>\r\n<td>bitte St\u00fchle bereit stellen, <br>Einlass: 5min vor Beginn<\/td>\r\n<\/tr>\r\n<tr>\r\n<td>B\u00fchnenraum<\/td>\r\n<td>ca. 3,50m tief 3,50m breit,<br>bitte vorne einen Tisch bereit stellen (Platz unterm Tisch: mindestens 57cm hoch und 92cm breit)<\/td>\r\n<\/tr>\r\n<tr>\r\n<td>Aufbau<\/td>\r\n<td>60min<\/td>\r\n<\/tr>\r\n<tr>\r\n<td>\r\n<p><br>Abbau<\/p>\r\n<\/td>\r\n<td>30min<\/td>\r\n<\/tr>\r\n<tr>\r\n<td>Parkplatz<\/td>\r\n<td>zum Ein- und Ausladen und <br>w\u00e4hrend der Vorstellung<\/td>\r\n<\/tr>\r\n<tr>\r\n<td>Umkleidem\u00f6glichkeit<\/td>\r\n<td>w\u00e4re sch\u00f6n,<br>ebenso ein Wasser<\/td>\r\n<\/tr>\r\n<tr>\r\n<td>Ein- und Ausladen<\/td>\r\n<td>ich freue mich \u00fcber Hilfe, <br>besonders bei Treppen<\/td>\r\n<\/tr>\r\n<\/tbody>\r\n<\/table>\r\n<\/figure>\r\n","protected":false},"excerpt":{"rendered":"<p>Alter 4.-6. Klasse Zuschauerbegrenzung 50 ohne Nachbereitung, sonst 30 Dauer 45min Zuschauerraum bitte St\u00fchle bereit stellen, Einlass: 5min vor Beginn B\u00fchnenraum ca. 3,50m tief 3,50m breit,bitte vorne einen Tisch bereit stellen (Platz unterm Tisch: mindestens 57cm hoch und 92cm breit) Aufbau 60min Abbau 30min Parkplatz zum Ein- und Ausladen und w\u00e4hrend der Vorstellung Umkleidem\u00f6glichkeit w\u00e4re &hellip; <\/p>\n<p class=\"link-more\"><a href=\"https:\/\/www.heidrunwarmuth.de\/?page_id=1609\" class=\"more-link\"><span class=\"screen-reader-text\">\u201eTechn.\/Organisatorisches\u201c <\/span>weiterlesen<\/a><\/p>\n","protected":false},"author":2,"featured_media":0,"parent":0,"menu_order":0,"comment_status":"closed","ping_status":"closed","template":"","meta":{"ngg_post_thumbnail":0,"footnotes":""},"class_list":["post-1609","page","type-page","status-publish","hentry"],"_links":{"self":[{"href":"https:\/\/www.heidrunwarmuth.de\/index.php?rest_route=\/wp\/v2\/pages\/1609","targetHints":{"allow":["GET"]}}],"collection":[{"href":"https:\/\/www.heidrunwarmuth.de\/index.php?rest_route=\/wp\/v2\/pages"}],"about":[{"href":"https:\/\/www.heidrunwarmuth.de\/index.php?rest_route=\/wp\/v2\/types\/page"}],"author":[{"embeddable":true,"href":"https:\/\/www.heidrunwarmuth.de\/index.php?rest_route=\/wp\/v2\/users\/2"}],"replies":[{"embeddable":true,"href":"https:\/\/www.heidrunwarmuth.de\/index.php?rest_route=%2Fwp%2Fv2%2Fcomments&post=1609"}],"version-history":[{"count":7,"href":"https:\/\/www.heidrunwarmuth.de\/index.php?rest_route=\/wp\/v2\/pages\/1609\/revisions"}],"predecessor-version":[{"id":1693,"href":"https:\/\/www.heidrunwarmuth.de\/index.php?rest_route=\/wp\/v2\/pages\/1609\/revisions\/1693"}],"wp:attachment":[{"href":"https:\/\/www.heidrunwarmuth.de\/index.php?rest_route=%2Fwp%2Fv2%2Fmedia&parent=1609"}],"curies":[{"name":"wp","href":"https:\/\/api.w.org\/{rel}","templated":true}]}}