{"id":249,"date":"2021-04-11T10:20:10","date_gmt":"2021-04-11T08:20:10","guid":{"rendered":"https:\/\/www.heidrunwarmuth.de\/?page_id=249"},"modified":"2021-05-21T11:47:59","modified_gmt":"2021-05-21T09:47:59","slug":"wie-siehts-denn-hier-aus","status":"publish","type":"page","link":"https:\/\/www.heidrunwarmuth.de\/?page_id=249","title":{"rendered":"Wie sieht&#8217;s denn hier aus?!"},"content":{"rendered":"\n<p><em>Eine St\u00fcckentwicklung von  Tristan Vogt und Heidrun Warmuth<\/em><\/p>\n\n\n\n<p><em>f\u00fcr Kinder ab vier Jahren bis zweite Klasse<\/em><\/p>\n\n\n\n<p><em>Regie: Tristan Vogt,  Spiel: Heidrun Warmuth<\/em><\/p>\n\n\n\n<div class=\"wp-block-media-text alignwide is-stacked-on-mobile\"><figure class=\"wp-block-media-text__media\"><img loading=\"lazy\" decoding=\"async\" width=\"1024\" height=\"576\" src=\"https:\/\/www.heidrunwarmuth.de\/wp-content\/uploads\/2021\/05\/Wieh-siehts-denn-hier-aus-Still-6-1024x576.jpg\" alt=\"\" class=\"wp-image-1428 size-full\" srcset=\"https:\/\/www.heidrunwarmuth.de\/wp-content\/uploads\/2021\/05\/Wieh-siehts-denn-hier-aus-Still-6-1024x576.jpg 1024w, https:\/\/www.heidrunwarmuth.de\/wp-content\/uploads\/2021\/05\/Wieh-siehts-denn-hier-aus-Still-6-300x169.jpg 300w, https:\/\/www.heidrunwarmuth.de\/wp-content\/uploads\/2021\/05\/Wieh-siehts-denn-hier-aus-Still-6-768x432.jpg 768w, https:\/\/www.heidrunwarmuth.de\/wp-content\/uploads\/2021\/05\/Wieh-siehts-denn-hier-aus-Still-6-1536x864.jpg 1536w, https:\/\/www.heidrunwarmuth.de\/wp-content\/uploads\/2021\/05\/Wieh-siehts-denn-hier-aus-Still-6.jpg 1920w\" sizes=\"auto, (max-width: 767px) 89vw, (max-width: 1000px) 54vw, (max-width: 1071px) 543px, 580px\" \/><\/figure><div class=\"wp-block-media-text__content\">\n<p> Eine einsame Socke im Kinderzimmer \u2013 was macht die hier zwischen all den anderen Dingen? Und der Stein, der kann doch wirklich weg! Oder lieber doch nicht?<\/p>\n<\/div><\/div>\n\n\n\n<p>Immer wieder dieses Durcheinander! Wie kommt es eigentlich dazu? Das Chaos scheint sich ganz von alleine auszubreiten. Und die Ordnung? Die wohl eher nicht. Aber gibt es \u00fcberhaupt <em>die <\/em>Ordnung?<\/p>\n\n\n\n<p>Was w\u00e4re, wenn die Sachen selbst ein W\u00f6rtchen mitzureden h\u00e4tten? Wo w\u00fcrde sich der sch\u00f6ne Stein am wohlsten f\u00fchlen? Oder das \u00dcberraschungsei, was w\u00e4re sein Traumplatz?<\/p>\n\n\n\n<p>Beim Erforschen all dieser Fragen sind kleine Geschichten entstanden \u00fcber Zugeh\u00f6rigkeit, Abschied, Freundschaft, \u00fcber die Freude am Chaos und die Lust am Ordnen.<\/p>\n\n\n\n<p><em>&#8222;Wo ist das n\u00e4chste richtig sch\u00f6ne Chaos,<\/em> <em>das es zu erforschen und zu gestalten gibt?&#8220; <\/em>Linde von Keyserlingk: &#8222;Das bewegte Kinderzimmer&#8220;<\/p>\n\n\n\n<p><em><sub>&#8222;Wie sieht&#8217;s denn hier aus?!&#8220; ist urspr\u00fcnglich im Rahmen der Jungen WLB Esslingen entstanden<\/sub><\/em><\/p>\n\n\n\n<figure class=\"wp-block-embed is-type-video is-provider-vimeo wp-block-embed-vimeo wp-embed-aspect-16-9 wp-has-aspect-ratio\"><div class=\"wp-block-embed__wrapper\">\n<iframe loading=\"lazy\" title=\"WieSiehtsDennHierAusTrailer.mp4\" src=\"https:\/\/player.vimeo.com\/video\/537611025?dnt=1&amp;app_id=122963\" width=\"525\" height=\"295\" frameborder=\"0\" allow=\"autoplay; fullscreen; picture-in-picture; clipboard-write\"><\/iframe>\n<\/div><\/figure>\n\n\n\n<p> <a href=\"https:\/\/www.heidrunwarmuth.de\/?page_id=255\">Fotos<\/a><\/p>\n\n\n\n<p> <a href=\"https:\/\/www.heidrunwarmuth.de\/?page_id=256\">Presse\/Resonanz<\/a><\/p>\n\n\n\n<p> <a href=\"https:\/\/www.heidrunwarmuth.de\/?page_id=258\">Technisches\/Organisatorisches<\/a><\/p>\n\n\n\n<p><a href=\"https:\/\/www.heidrunwarmuth.de\/?page_id=61\"> aktuelle St\u00fccke<\/a><\/p>\n","protected":false},"excerpt":{"rendered":"<p>Eine St\u00fcckentwicklung von Tristan Vogt und Heidrun Warmuth f\u00fcr Kinder ab vier Jahren bis zweite Klasse Regie: Tristan Vogt, Spiel: Heidrun Warmuth Eine einsame Socke im Kinderzimmer \u2013 was macht die hier zwischen all den anderen Dingen? Und der Stein, der kann doch wirklich weg! Oder lieber doch nicht? Immer wieder dieses Durcheinander! Wie kommt &hellip; <\/p>\n<p class=\"link-more\"><a href=\"https:\/\/www.heidrunwarmuth.de\/?page_id=249\" class=\"more-link\"><span class=\"screen-reader-text\">\u201eWie sieht&#8217;s denn hier aus?!\u201c <\/span>weiterlesen<\/a><\/p>\n","protected":false},"author":3,"featured_media":0,"parent":0,"menu_order":0,"comment_status":"closed","ping_status":"closed","template":"","meta":{"ngg_post_thumbnail":0,"footnotes":""},"class_list":["post-249","page","type-page","status-publish","hentry"],"_links":{"self":[{"href":"https:\/\/www.heidrunwarmuth.de\/index.php?rest_route=\/wp\/v2\/pages\/249","targetHints":{"allow":["GET"]}}],"collection":[{"href":"https:\/\/www.heidrunwarmuth.de\/index.php?rest_route=\/wp\/v2\/pages"}],"about":[{"href":"https:\/\/www.heidrunwarmuth.de\/index.php?rest_route=\/wp\/v2\/types\/page"}],"author":[{"embeddable":true,"href":"https:\/\/www.heidrunwarmuth.de\/index.php?rest_route=\/wp\/v2\/users\/3"}],"replies":[{"embeddable":true,"href":"https:\/\/www.heidrunwarmuth.de\/index.php?rest_route=%2Fwp%2Fv2%2Fcomments&post=249"}],"version-history":[{"count":17,"href":"https:\/\/www.heidrunwarmuth.de\/index.php?rest_route=\/wp\/v2\/pages\/249\/revisions"}],"predecessor-version":[{"id":1451,"href":"https:\/\/www.heidrunwarmuth.de\/index.php?rest_route=\/wp\/v2\/pages\/249\/revisions\/1451"}],"wp:attachment":[{"href":"https:\/\/www.heidrunwarmuth.de\/index.php?rest_route=%2Fwp%2Fv2%2Fmedia&parent=249"}],"curies":[{"name":"wp","href":"https:\/\/api.w.org\/{rel}","templated":true}]}}