{"id":250,"date":"2021-04-11T10:20:10","date_gmt":"2021-04-11T08:20:10","guid":{"rendered":"https:\/\/www.heidrunwarmuth.de\/?page_id=250"},"modified":"2024-07-12T14:24:04","modified_gmt":"2024-07-12T12:24:04","slug":"die-menschheit-ist-hier","status":"publish","type":"page","link":"https:\/\/www.heidrunwarmuth.de\/?page_id=250","title":{"rendered":"Die Menschheit ist hier"},"content":{"rendered":"\r\n<p><em>von Marco S\u00fc\u00df <\/em><\/p>\r\n\r\n\r\n\r\n<p><em>Regie:&nbsp; &nbsp; &nbsp; &nbsp; &nbsp; &nbsp; &nbsp; &nbsp; &nbsp; &nbsp; &nbsp; &nbsp; &nbsp; &nbsp; &nbsp; &nbsp; &nbsp; &nbsp;Lukas Baueregger&nbsp;<br><\/em><em>Spiel \/Puppenbau:&nbsp; &nbsp; &nbsp; &nbsp; &nbsp; Heidrun Warmuth<br><\/em><em>Alter:&nbsp; &nbsp; &nbsp; &nbsp; &nbsp; &nbsp; &nbsp; &nbsp; &nbsp; &nbsp; &nbsp; &nbsp; &nbsp; &nbsp; &nbsp; &nbsp; &nbsp; &nbsp; &nbsp;f\u00fcr 4.-6. Klassen<br><span style=\"font-size: 12px;\">Entstanden als Produktion der WLB Esslingen<\/span><\/em><\/p>\r\n\r\n\r\n\r\n<figure class=\"wp-block-image size-large\"><img loading=\"lazy\" decoding=\"async\" width=\"1024\" height=\"683\" class=\"wp-image-326\" src=\"https:\/\/www.heidrunwarmuth.de\/wp-content\/uploads\/2021\/04\/5-Die-Menschheit-ist-hier-Foto-T.-Metz-1024x683.jpg\" alt=\"\" srcset=\"https:\/\/www.heidrunwarmuth.de\/wp-content\/uploads\/2021\/04\/5-Die-Menschheit-ist-hier-Foto-T.-Metz-1024x683.jpg 1024w, https:\/\/www.heidrunwarmuth.de\/wp-content\/uploads\/2021\/04\/5-Die-Menschheit-ist-hier-Foto-T.-Metz-300x200.jpg 300w, https:\/\/www.heidrunwarmuth.de\/wp-content\/uploads\/2021\/04\/5-Die-Menschheit-ist-hier-Foto-T.-Metz-768x512.jpg 768w, https:\/\/www.heidrunwarmuth.de\/wp-content\/uploads\/2021\/04\/5-Die-Menschheit-ist-hier-Foto-T.-Metz-1536x1024.jpg 1536w, https:\/\/www.heidrunwarmuth.de\/wp-content\/uploads\/2021\/04\/5-Die-Menschheit-ist-hier-Foto-T.-Metz-2048x1366.jpg 2048w\" sizes=\"auto, (max-width: 767px) 89vw, (max-width: 1000px) 54vw, (max-width: 1071px) 543px, 580px\" \/>\r\n<figcaption class=\"wp-element-caption\"><span style=\"font-size: 9px;\"><sub>Foto: Tobias Metz<\/sub><\/span><\/figcaption>\r\n<\/figure>\r\n\r\n\r\n\r\n<p>&nbsp;<\/p>\r\n\r\n\r\n\r\n<p>&#8222;Die Menschheit ist hier&#8220; beruht auf einer wahren Begebenheit und befasst sich mit der Flucht eines eritreischen Freundes in den 70er Jahren:<\/p>\r\n<p>Es ist die Geschichte des damals 19j\u00e4hrigen Fasils, der aus politischen Gr\u00fcnden seine Heimatstadt Asmara verlassen muss und sich mit Freunden auf den Weg durch die W\u00fcste Richtung Sudan begibt.<\/p>\r\n<p>12 kleine Figuren, die den realen Menschen nachempfunden wurden, machen es den Zuschauenden m\u00f6glich, in die Geschichte eintauchen:<\/p>\r\n<p>Was bedeutet es, sein zu Hause zu verlassen? Was hei\u00dft es, unter einer Gewaltherrschaft zu leben? Was veranlasst einen \u00fcberhaupt dazu, sein Land zu verlassen? Was bringt Flucht mit sich?!<\/p>\r\n<p>Das St\u00fcck eignet sich f\u00fcr kleiner Spielst\u00e4tten. Durch den unaufw\u00e4ndigen Aufbau kann es auch in Klassenzimmern gespielt werden<\/p>\r\n\r\n\r\n\r\n<p><a href=\"https:\/\/www.heidrunwarmuth.de\/?page_id=259\">Fotos: Die Menschheit ist hier<\/a><\/p>\r\n\r\n\r\n\r\n<p>&nbsp;<\/p>\r\n","protected":false},"excerpt":{"rendered":"<p>von Marco S\u00fc\u00df Regie:&nbsp; &nbsp; &nbsp; &nbsp; &nbsp; &nbsp; &nbsp; &nbsp; &nbsp; &nbsp; &nbsp; &nbsp; &nbsp; &nbsp; &nbsp; &nbsp; &nbsp; &nbsp;Lukas Baueregger&nbsp;Spiel \/Puppenbau:&nbsp; &nbsp; &nbsp; &nbsp; &nbsp; Heidrun WarmuthAlter:&nbsp; &nbsp; &nbsp; &nbsp; &nbsp; &nbsp; &nbsp; &nbsp; &nbsp; &nbsp; &nbsp; &nbsp; &nbsp; &nbsp; &nbsp; &nbsp; &nbsp; &nbsp; &nbsp;f\u00fcr 4.-6. KlassenEntstanden als Produktion der WLB Esslingen &nbsp; &hellip; <\/p>\n<p class=\"link-more\"><a href=\"https:\/\/www.heidrunwarmuth.de\/?page_id=250\" class=\"more-link\"><span class=\"screen-reader-text\">\u201eDie Menschheit ist hier\u201c <\/span>weiterlesen<\/a><\/p>\n","protected":false},"author":3,"featured_media":0,"parent":0,"menu_order":0,"comment_status":"closed","ping_status":"closed","template":"","meta":{"ngg_post_thumbnail":0,"footnotes":""},"class_list":["post-250","page","type-page","status-publish","hentry"],"_links":{"self":[{"href":"https:\/\/www.heidrunwarmuth.de\/index.php?rest_route=\/wp\/v2\/pages\/250","targetHints":{"allow":["GET"]}}],"collection":[{"href":"https:\/\/www.heidrunwarmuth.de\/index.php?rest_route=\/wp\/v2\/pages"}],"about":[{"href":"https:\/\/www.heidrunwarmuth.de\/index.php?rest_route=\/wp\/v2\/types\/page"}],"author":[{"embeddable":true,"href":"https:\/\/www.heidrunwarmuth.de\/index.php?rest_route=\/wp\/v2\/users\/3"}],"replies":[{"embeddable":true,"href":"https:\/\/www.heidrunwarmuth.de\/index.php?rest_route=%2Fwp%2Fv2%2Fcomments&post=250"}],"version-history":[{"count":17,"href":"https:\/\/www.heidrunwarmuth.de\/index.php?rest_route=\/wp\/v2\/pages\/250\/revisions"}],"predecessor-version":[{"id":1684,"href":"https:\/\/www.heidrunwarmuth.de\/index.php?rest_route=\/wp\/v2\/pages\/250\/revisions\/1684"}],"wp:attachment":[{"href":"https:\/\/www.heidrunwarmuth.de\/index.php?rest_route=%2Fwp%2Fv2%2Fmedia&parent=250"}],"curies":[{"name":"wp","href":"https:\/\/api.w.org\/{rel}","templated":true}]}}