{"id":253,"date":"2021-04-11T10:20:10","date_gmt":"2021-04-11T08:20:10","guid":{"rendered":"https:\/\/www.heidrunwarmuth.de\/?page_id=253"},"modified":"2026-04-28T14:28:12","modified_gmt":"2026-04-28T12:28:12","slug":"vita","status":"publish","type":"page","link":"https:\/\/www.heidrunwarmuth.de\/?page_id=253","title":{"rendered":"Vita"},"content":{"rendered":"\n<div class=\"wp-block-media-text alignwide is-stacked-on-mobile\" style=\"grid-template-columns:27% auto\"><figure class=\"wp-block-media-text__media\"><img loading=\"lazy\" decoding=\"async\" width=\"683\" height=\"1024\" src=\"https:\/\/www.heidrunwarmuth.de\/wp-content\/uploads\/2021\/04\/IMGL0867_1-683x1024.jpg\" alt=\"\" class=\"wp-image-310 size-full\" srcset=\"https:\/\/www.heidrunwarmuth.de\/wp-content\/uploads\/2021\/04\/IMGL0867_1-683x1024.jpg 683w, https:\/\/www.heidrunwarmuth.de\/wp-content\/uploads\/2021\/04\/IMGL0867_1-200x300.jpg 200w, https:\/\/www.heidrunwarmuth.de\/wp-content\/uploads\/2021\/04\/IMGL0867_1-768x1152.jpg 768w, https:\/\/www.heidrunwarmuth.de\/wp-content\/uploads\/2021\/04\/IMGL0867_1-1024x1536.jpg 1024w, https:\/\/www.heidrunwarmuth.de\/wp-content\/uploads\/2021\/04\/IMGL0867_1-1365x2048.jpg 1365w, https:\/\/www.heidrunwarmuth.de\/wp-content\/uploads\/2021\/04\/IMGL0867_1-scaled.jpg 1706w\" sizes=\"auto, (max-width: 683px) 100vw, 683px\" \/><\/figure><div class=\"wp-block-media-text__content\">\n<p class=\"has-medium-font-size\"><sub>Heidrun Warmuth wurde in Wilhelmshaven geboren und lebt zur Zeit mit ihrer Familie in Esslingen am Neckar<\/sub><\/p>\n\n\n\n<p><\/p>\n\n\n\n<p><\/p>\n\n\n\n<p><\/p>\n<\/div><\/div>\n\n\n\n<p class=\"has-small-font-size\"><sub>Foto: Indes Rudel<\/sub><\/p>\n\n\n\n<p> <a href=\"https:\/\/www.heidrunwarmuth.de\/?page_id=139\">\u00dcber mich<\/a><\/p>\n\n\n\n<figure class=\"wp-block-table is-style-regular\"><table><tbody><tr><td><\/td><td><strong><em>Studium, Fortbildung, Praktika<\/em><\/strong><\/td><\/tr><tr><td><sub>1988\/89<\/sub><\/td><td><sub>Ein Jahr Praktikum an der Landesb\u00fchne in Wilhelmshaven (Ausstattung)<\/sub><\/td><\/tr><tr><td><sub>1989<\/sub><\/td><td><sub>Praktikum f\u00fcr Kunsttherapie in Rothenburg a. d. W\u00fcmme<\/sub><\/td><\/tr><tr><td><sub>1989-94<\/sub><\/td><td><sub>Studium in Kassel (Kunst\/Visuelle Kommunikation und Deutsch f\u00fcr&#8217;s Gymn.)<\/sub><br><sub> mit erstem Staatsexamen<\/sub><\/td><\/tr><tr><td><\/td><td><sub>Ausstattungsassistenz am Kinder und Jugendtheater Heidelberg<\/sub><\/td><\/tr><tr><td><\/td><td><sub>Praktikum in einer Tischlerei<\/sub><\/td><\/tr><tr><td><\/td><td><sub>Hospitanz am Krokodiltheater bei Henrikje Winter<\/sub><\/td><\/tr><tr><td><sub>1994-98<\/sub><\/td><td><sub>Studium an der Hochschule f\u00fcr Schauspielkunst &#8222;Ernst Busch&#8220; in Berlin, Schwerpunkt Puppenspiel<\/sub><\/td><\/tr><tr><td><sub>2000<\/sub><\/td><td><sub>Fortbildung bei Phelim Mc Dermott in Amsterdam (Improvisation)<\/sub><\/td><\/tr><tr><td><sub>2016<\/sub><\/td><td><sub>Fortbildung bei Margit Gysin am Figurentheaterkolleg in Bochum<\/sub><\/td><\/tr><tr><td><\/td><td><\/td><\/tr><tr><td><\/td><td><em><strong>Puppenspiel<\/strong><\/em><strong><em>\/Schauspiel<\/em><\/strong><\/td><\/tr><tr><td><sub>1997<\/sub><\/td><td><sub>Berliner Ensemble : &#8222;Der Gl\u00fccksgott&#8220;, Brecht (Spiel+ Puppenbau),  <\/sub>                                              <br><sub>Regie:  Britta Geister<\/sub><\/td><\/tr><tr><td><sub>1997<\/sub><\/td><td><sub>&#8222;\u00dcber das Marionettentheater&#8220; nach Kleist mit Gregor Seifert &amp; Co (Komische Oper, Berlin, Kombination aus Tanz und <\/sub><br><sub>menschengro\u00dfen Marionetten)<\/sub><\/td><\/tr><tr><td><sub>1997\/98<\/sub><\/td><td><sub>&#8222;Elemente&#8220; von F. Wolff, Regie:  Britta Geister, Markus Joss <\/sub><br><sub>am Theater Kreatur (Berlin)<\/sub>            <\/td><\/tr><tr><td><\/td><td><sub> zwei Gastst\u00fccke in Dresden am Theater Junge Generation<\/sub><\/td><\/tr><tr><td><sub>1998-2001<\/sub><\/td><td><sub>Engagement am Theater Junge Generation in Dresden, 11 St\u00fccke, u.a.: <\/sub><br><sub>die Metharmorphosen, Hekabe, Klein Zaches, Robin Hood \u2026<\/sub><\/td><\/tr><tr><td><sub>1999<\/sub><\/td><td><sub>\u201eDer Kleine Prinz\u201c in der Yenidze in Dresden, als Gast auch im Schauspielhaus<\/sub><\/td><\/tr><tr><td><sub>1999<\/sub><\/td><td><sub>Sommertheater am Thalia Theater Halle: &#8222;Ferdinand ein Stier&#8220; von Knappe, <\/sub><br><sub>Regie: Carlos Manuel<\/sub><\/td><\/tr><tr><td><sub>2001<\/sub><\/td><td><sub>&#8222;Feuergesicht&#8220; von Mayenburg, Regie:  Marco S\u00fc\u00df im Lofft in Leipzig<\/sub><\/td><\/tr><tr><td><sub>2001<\/sub><\/td><td><sub>&#8222;Nibelungen&#8220;, Regie: Tom K\u00fchnel am Tat in Frankfurt a. M. <\/sub><br><sub>(mit Schauspieler-Innen und Puppen)<\/sub><\/td><\/tr><tr><td><sub>2002<\/sub><\/td><td><sub>&#8222;Die Heilige Johanna der Schlachth\u00f6fe&#8220; von Brecht <\/sub><br><sub>am Tat in Frankfurt a.M. und Schaub\u00fchne in Berlin, Regie: Tom K\u00fchnel<\/sub><br><sub> (mit Schau- und Puppenspieler-Innen)<\/sub><\/td><\/tr><tr><td><sub>2002<\/sub><\/td><td><sub>Maximiliane und die Monster (Theater Lakritz mit Nicole Wei\u00dfbrodt und Tina Feix)<\/sub><\/td><\/tr><tr><td><sub>2003<\/sub><\/td><td><sub>Januar bis Mai in Italien\/Frankreich: &#8222;Der Sturm&#8220;, internationale Besetzung<\/sub><br><sub> mit Schau- und PuppenspielerInnen, Gonzalo<\/sub><br><sub> Regie: D. Pitoiset, Puppenregie: Markus Joss<\/sub><\/td><\/tr><tr><td><sub>2003<\/sub><\/td><td><sub>&#8222;Robinson im Scho\u00dfe des Pazifiks&#8220; Internatnationales Sommertheater<\/sub><br><sub> in Leipzig mit Schau- und PuppenspielerInnen<\/sub><br><sub> aus Rum\u00e4nien, Bulgarien, Spanien), Regie: Marco S\u00fc\u00df<\/sub><\/td><\/tr><tr><td><sub>2004<\/sub><\/td><td><sub>\u201eDon Quixote\u201c, Puppenspiel im Ballett, Semperoper in Dresden, Regie: Vladimir Derevianko<\/sub><\/td><\/tr><tr><td><sub>2005<\/sub><\/td><td><sub>Lotte in \u201eDie Leiden des jungen Werther\u201c, Regie: Christoph Biermeier, Puppentheater Halle<\/sub><\/td><\/tr><tr><td><sub>2006<\/sub><\/td><td><sub>\u201eParzival\u201c, Puppen-\/ Schauspiel, Solost\u00fcck, Landesb\u00fchne Esslingen, <\/sub><br><sub>Regie: Britta Geister<\/sub><\/td><\/tr><tr><td><sub>2007<\/sub><\/td><td><sub>Die Mutter in \u201eDer gewissenlose M\u00f6rder Hasse Karlsson\u201c, <\/sub><br><sub>Junge WLB Esslingen,<\/sub> <sub>Regie: Marco S\u00fc\u00df<\/sub><\/td><\/tr><tr><td><sub>2007<\/sub><\/td><td><sub>SWR Film: zwei Folgen \u201eEssgeschichten\u201c : \u201eDie Zwiebel\u201c<\/sub><\/td><\/tr><tr><td><sub>2009<\/sub><\/td><td><sub>Schiller im Tigerentenclub<\/sub><\/td><\/tr><tr><td><sub>2012<\/sub><\/td><td><sub>Kinderkonzert mit SWR Sinfonieorchester in Freiburg: Till Eulenspiegel, Dirigent X. Roth<\/sub><\/td><\/tr><tr><td><sub>2014<\/sub><\/td><td><sub>lange Nacht der Museen im Haus der Geschichte: \u201eGeist und Geschichte\u201c, eine F\u00fchrung mit Puppe (Puppenbau, Entwicklung und Spiel mit Dora Lanz)<\/sub><\/td><\/tr><tr><td><sub>2015<\/sub><\/td><td><sub>\u201cDie drei R\u00e4uber\u201d (Weihnachtsm\u00e4rchen) Junge WLB Esslingen<\/sub><\/td><\/tr><tr><td><sub>2015<\/sub><\/td><td><sub>Lange Nacht der Museen im Haus der Geschichte: \u201cNapoleon\u201d, eine F\u00fchrung mit Schau- und Puppenspiel. Puppenbau, Entwicklung, Spiel mit Dora Lanz<\/sub><\/td><\/tr><tr><td><sub>2016<\/sub><\/td><td><sub>\u201cWie siehts denn hier aus?!\u201c St\u00fcckentwicklung mit Tristan Vogt,  Junge WLB Esslingen<\/sub><br><sub>Regie: Tristan Vogt<\/sub><\/td><\/tr><tr><td><sub>2018<\/sub><\/td><td><sub>\u201cDer Miesepups\u201d von Kirsten Fuchs, Regie: Benedikt Grubel,  Junge WLB<\/sub> <sub>Esslingen<\/sub><\/td><\/tr><tr><td><sub>2019<\/sub><\/td><td><sub>\u201cSnuffi Hartenstein\u201d (Puppenbau, Spiel) , Junge WLB Esslingen<\/sub><\/td><\/tr><tr><td><sub>2020<\/sub><\/td><td><sub>\u201cDie Menschheit ist hier\u201d, Klassenzimmerst\u00fcck<\/sub> <sub>von Maro S\u00fc\u00df,<\/sub> <br><sub>Junge WLB Esslingen<\/sub><\/td><\/tr><tr><td><sub>2020<\/sub><\/td><td><sub>\u201cArmer Esel Alf\u201d, Solost\u00fcck, Regie Tristan Vogt<\/sub><\/td><\/tr><tr><td><sub>2023<\/sub><\/td><td><sub>Hase bei Paul Maars Geburtstagsfeier im Thalia Theater Hamburg<\/sub><\/td><\/tr><tr><td><sub>2024<\/sub><\/td><td>&#8222;<sub>Kauz und Kekse, Geschichten unterm Dach&#8220;, St\u00fcckentwicklung <\/sub><\/td><\/tr><tr><td><sub>2025<\/sub><\/td><td><sub>&#8222;Die Schildkr\u00f6te hat Geburtstag&#8220;, Theater in der Badewanne, Regie Antonie Fr\u00f6hlich<\/sub><\/td><\/tr><tr><td><\/td><td><\/td><\/tr><tr><td><\/td><td><strong><em>Regie<\/em><\/strong><\/td><\/tr><tr><td><sub>2004<\/sub><\/td><td><sub>\u201eRobinson Crusoe\u201c(+Ausstattung), Junge WLB Esslingen<\/sub><\/td><\/tr><tr><td><sub>2005<\/sub><\/td><td><sub>\u201eLenchens Geheimnis\u201c(+Ausstattung),<\/sub> <sub>Junge WLB Esslingen<\/sub><\/td><\/tr><tr><td><sub>2006<\/sub><\/td><td><sub>\u201eDie Br\u00fcder L\u00f6wenherz\u201c (+Ausstattung), Junge WLB Esslingen<\/sub><\/td><\/tr><tr><td><sub>2007<\/sub><\/td><td><sub>\u201eJasper kaspert\u201c, Junge WLB Esslingen<\/sub><\/td><\/tr><tr><td><sub>2009<\/sub><\/td><td><sub>\u201eUrsel\u201c von Guy Krneta, Junge WLB Esslingen<\/sub><\/td><\/tr><tr><td><sub>2011<\/sub><\/td><td><sub>\u201eValentino Frosch\u201c (+ Fassung), nach dem Bilderbuch \u201eValentino Frosch\u201c, Junge WLB Esslingen<\/sub><\/td><\/tr><tr><td><sub>2011<\/sub><\/td><td><sub>Regie der Puppenszenen beim Weihnachtsm\u00e4rchen:<\/sub><br><sub> \u201eDie Bremer Stadtmusikanten\u201c, Junge WLB Esslingen<\/sub><\/td><\/tr><tr><td><sub>2012<\/sub><\/td><td><sub>\u201eHerr Bohm und der Hering\u201c (+Fassung) , Junge WLB Esslingen<\/sub><\/td><\/tr><tr><td><sub>2013<\/sub><\/td><td><sub>\u201eDie Gl\u00fccksfee\u201c (+Fassung) von C. Funke, Junge WLB Esslingen<\/sub><\/td><\/tr><tr><td><sub>2015<\/sub><\/td><td><sub>\u201cFrerk du Zwerg\u201d von Finn Ole Heinrich, (+Fassung und Puppenbau),<\/sub><br><sub> Junge WLB Esslingen<\/sub><\/td><\/tr><tr><td><sub>2016<\/sub><\/td><td><sub>deutsche Urauff\u00fchrung \u201cZu klein um ein Planet zu sein\u201d von Adam Barnard<br> \u2013 ein Klassenzimmerst\u00fcck f\u00fcr Kinder ab Klasse 5, Junge WLB Esslingen<\/sub><\/td><\/tr><tr><td><sub>2017<\/sub><\/td><td><sub>\u201cDie Gl\u00fccksforscher\u201d, Klassenzimmerst\u00fcck f\u00fcr 3.\/4. Klasse,<\/sub><br><sub> Junge WLB Esslingen<\/sub><\/td><\/tr><tr><td><sub>2018<\/sub><\/td><td><sub>\u201cDickh\u00e4uter\u201d von Tina M\u00fcller,  Junge WLB Esslingen<\/sub><\/td><\/tr><tr><td><sub>2018<\/sub><\/td><td><sub>Regie und Maskenbau f\u00fcr ein Schattenspiel: \u201cH\u00e4nsel und Gretel\u201d, Kinderoper<br>von Humperdinck. Leitung:  Hanna Sch\u00fcssler und dem Kirchenchor Esslingen, es spielen Kinder und Jugendliche<\/sub><\/td><\/tr><tr><td><sup>2019<\/sup><\/td><td><sub>\u201cLiebe Gr\u00fc\u00dfe\u201d, von Theo Fransz, Neue B\u00fchne Senftenberg<\/sub><br><\/td><\/tr><tr><td><sub>2023<\/sub><br><\/td><td>&#8222;<sub>Froschk\u00f6nig &#8211; abgeschminkt&#8220;,  St\u00fcckentwicklung mit Nicole Wei\u00dfbrodt<\/sub><\/td><\/tr><tr><td><sub>2024\/25<\/sub><\/td><td><sub>&#8222;Der B\u00e4r, der nicht da war&#8220;, Regie f\u00fcr das Theater Unterwegs, Angelika Jedelhauser<\/sub><\/td><\/tr><tr><td><sub>2026<\/sub><\/td><td><sub>&#8222;Adventst\u00fcrchen&#8220; Regie f\u00fcr das Theater in der Badwanne, Stuttg.<\/sub><\/td><\/tr><tr><td><\/td><td><\/td><\/tr><tr><td><\/td><td><strong><em>Puppenbau<\/em><\/strong><\/td><\/tr><tr><td><sub>1997<\/sub><\/td><td><sub>\u201eDer Gl\u00fccksgott\u201c Brecht, Berliner Ensemble<\/sub><\/td><\/tr><tr><td><sub>1998<\/sub><\/td><td><sub>&#8222;Lieschen und der L\u00e4mmergeier&#8220; am Theater Salz und Pfeffer in N\u00fcrnberg<\/sub><\/td><\/tr><tr><td><sub>2001<\/sub><\/td><td><sub>&#8222;Feuergesicht&#8220; von Mayenburg, Regie Marco S\u00fc\u00df im Lofft in Leipzig<\/sub><\/td><\/tr><tr><td><sub>2002<\/sub><\/td><td><sub>&#8222;Das blaue Pferd&#8220; am Puppentheater Magdeburg<\/sub><\/td><\/tr><tr><td><sub>2002<\/sub><\/td><td><sub>&#8222;Das kleine K\u00e4nguru&#8220;, Theater Salz und Pfeffer in N\u00fcrnberg<\/sub><\/td><\/tr><tr><td><sub>2007<\/sub><\/td><td><sub>\u201eJasper kaspert\u201c, Landesb\u00fchne Esslingen<\/sub><\/td><\/tr><tr><td><sub>2007<\/sub><\/td><td><sub>SWR Essgeschichten: ein Teufel, Klappmaul<\/sub><\/td><\/tr><tr><td><sub>2009<\/sub><\/td><td><sub>Schillerpuppe, Klappmaul f\u00fcr Schillerjubil\u00e4um im SWR + Tigerentenclub<\/sub><\/td><\/tr><tr><td><sub>2012<\/sub><\/td><td><sub>\u201eTill Eulenspiegel\u201c SWR Kinderkonzert: Till Eulenspiegel als Klappmaulpuppe<\/sub><\/td><\/tr><tr><td><sub>2014<\/sub><\/td><td><sub>\u201eDie Gl\u00fcckskuh\u201c WLB Esslingen \u2013 gro\u00dfer Kuhkopf<\/sub><\/td><\/tr><tr><td><sub>2015<\/sub><\/td><td><sub>\u201eFrerk du Zwerg\u201c Finn Ole Heinrich, Junge WLB Esslingen<\/sub><\/td><\/tr><tr><td><sub>2014\/15<\/sub><\/td><td><sub>zwei Puppen f\u00fcr zwei F\u00fchrungen im Haus der Geschichte in Stuttgart<\/sub><\/td><\/tr><tr><td><sub>2018<\/sub><\/td><td><sub>gro\u00dfe Masken f\u00fcr \u201eH\u00e4nsel und Gretel\u201c von Humperdinck, <\/sub><br><sub>Leitung: Hanna Sch\u00fcssler<\/sub><\/td><\/tr><tr><td><sub>2019<\/sub><\/td><td><sub>\u201eSnuffi Hartenstein\u201c von Paul Maar, junge WLB Esslingen, Handpuppen<\/sub><\/td><\/tr><tr><td><sub>2020<\/sub><\/td><td><sub>\u201eArmer Esel Alf\u201c , verschiedene Puppen<\/sub><\/td><\/tr><tr><td><sub>2020<\/sub><\/td><td><sub>\u201eDie Menschheit ist hier\u201c von Marco S\u00fc\u00df, junge WLB Esslingen<\/sub><\/td><\/tr><tr><td><sub>2023<\/sub><\/td><td><sub>gro\u00dfer Hase f\u00fcr die Geburtstagsfeier von Paul Maar im Thalia Theater Hamburg<\/sub><\/td><\/tr><tr><td><sub>2024<\/sub><\/td><td><sub>K\u00e4uzchen f\u00fcr &#8222;Kauz und Kekse&#8220;<\/sub><\/td><\/tr><tr><td><\/td><td><\/td><\/tr><tr><td><\/td><td><strong><em>H\u00f6rb\u00fccher<\/em><\/strong><\/td><\/tr><tr><td><strong><em><sub>f\u00fcr Kinder:<\/sub><\/em><\/strong><\/td><td><\/td><\/tr><tr><td><\/td><td><sub>\u201eDie wilden Prinzessinnen\u201c von Antonia Michaelis<\/sub>, <sub>Herder Verlag<\/sub><\/td><\/tr><tr><td><\/td><td><sub>\u201eDas alte Haus\u201c von Wilhelm Matthie\u00dfen, Kreuz  Verlag<\/sub><\/td><\/tr><tr><td><\/td><td><sub>\u201eGeschichten von der Maus f\u00fcr die Katz\u201c, von Ursel Scheffler Kreuz  Verlag<\/sub><\/td><\/tr><tr><td><\/td><td><sub>\u201ePamina\u201c, Helbling Verlag<\/sub><\/td><\/tr><tr><td><\/td><td><sub>\u201eTipolino\u201c, Helbling Verlag<\/sub><\/td><\/tr><tr><td><sub> 2024-2026<\/sub><\/td><td><sub>fortlaufend: Pamini H\u00f6rgeschichten f\u00fcr den Musikunterricht, Helbling Verlag<\/sub> <\/td><\/tr><tr><td><sub><strong><em>f\u00fcr Erwachsene<\/em><\/strong><\/sub><strong><em><sub>:<\/sub><\/em><\/strong><\/td><td><\/td><\/tr><tr><td><\/td><td><sub>\u201eDer Komet im Cocktailglas\u201c von F. Freistetter im Herder Verlag<\/sub><\/td><\/tr><tr><td><\/td><td><sub>\u201eDie Tageb\u00fccher von Adam und Eva\u201c Herder Verlag<\/sub><\/td><\/tr><tr><td><\/td><td><sub>\u201eDer kleine Buddha\u201c von Claus Mikosch, Herder Verlag<\/sub><\/td><\/tr><tr><td><\/td><td><\/td><\/tr><tr><td><\/td><td><strong><em>SWR\/ARD\/KIKA<\/em><\/strong><\/td><\/tr><tr><td><\/td><td><sub>SWR zwei Folgen von \u201eEssgeschichten\u201c im SWR: Puppenspiel, Off-Sprecherin, Puppenbau<\/sub><\/td><\/tr><tr><td><\/td><td><sub>ARD\/KIKA: Schiller im Tigerentenclub (Puppenbau + -spiel \u2013 zu Besuch im Tigerentenclub)<\/sub><\/td><\/tr><tr><td><\/td><td><sub>SWR Kinderkonzert in Freiburg mit Dirigent F. Roth, mit dem SWR Sinfonieorchester<\/sub>, <sub>(Puppenbau + Spiel, Textentwicklung): Till Eulenspiegel<\/sub><\/td><\/tr><tr><td><\/td><td><sub>SWR Nahaufnahme (Off-Sprecherin)<\/sub><\/td><\/tr><tr><td><sub>2025<\/sub><\/td><td><sub>SWR<\/sub> <sub>Voice-Over f\u00fcr Film: Trondheim in Norwegen<\/sub><\/td><\/tr><tr><td><\/td><td><sub>SWR Voice-Over f\u00fcr Film: Durch die Kanadische Pr\u00e4rie- Wildwest in Manitoba<\/sub><\/td><\/tr><tr><td><\/td><td><sub>SWR Voice-Over f\u00fcr Film: Mit dem Zug an der Costa Blanca<\/sub><\/td><\/tr><tr><td><sub>2026<\/sub><\/td><td><sub>SWR Voice-Over f\u00fcr Film: Mit dem Zug durch den Nordosten S\u00fcdafrikas<\/sub><\/td><\/tr><tr><td><\/td><td><\/td><\/tr><tr><td><\/td><td><strong><em>B\u00fchnenfassungen<\/em><\/strong><\/td><\/tr><tr><td><sub>2004<\/sub><\/td><td><sub>\u201eRobinson Crusoe\u201c f\u00fcr einen Schauspieler (Junge WLB Esslingen)<\/sub><\/td><\/tr><tr><td><sub>2005<\/sub><\/td><td><sub>\u201eLenchens Geheimnis\u201c von M. Ende f\u00fcr die Junge WLB Esslingen<\/sub><\/td><\/tr><tr><td><sub>2006<\/sub><\/td><td><sub>\u201eDie Br\u00fcder L\u00f6wenherz\u201c, Lindgren f\u00fcr zwei Schauspieler\/Innen Junge WLB Esslingen<\/sub><\/td><\/tr><tr><td><sub>2007<\/sub><\/td><td><sub>\u201eChronist der Winde\u201c (Henning Mankell) an der Jungen WLB Esslingen in Zusammenarbeitmit Tilo Esche<\/sub><\/td><\/tr><tr><td><sub>2008-11<\/sub><\/td><td><sub>\u201eKalle Blomquist\u201c f\u00fcr die Junge WLB Esslingen<\/sub><\/td><\/tr><tr><td><\/td><td><sub>\u201ePippi au\u00dfer Rand und Band\u201c f\u00fcr Junge WLB Esslingen, Wehnachtsm\u00e4rchen<\/sub><\/td><\/tr><tr><td><sub>2011<\/sub><\/td><td><sub>\u201eValentino Frosch\u201c von B.Bos u. H.de Beer f\u00fcr die Junge WLB Esslingen<\/sub><\/td><\/tr><tr><td><sub>2012<\/sub><\/td><td><sub>\u201eNeues von Herrn Bello\u201c von Paul Maar, Weihnachtsm\u00e4rchen an der Jungen WLB)<\/sub><\/td><\/tr><tr><td><sub>2012<\/sub><\/td><td><sub>\u201eHerr Bohm und der Hering&#8220; an der Jungen WLB Esslingen<\/sub><\/td><\/tr><tr><td><sub>2012<\/sub><\/td><td><sub>\u201eTill Eulenspiegel\u201c Kindekonzert mit SWR Sinfonieorchester(f\u00fcr Konzert und H\u00f6rbuch)<\/sub><\/td><\/tr><tr><td><sub>2013<\/sub><\/td><td><sub>\u201eDie Gl\u00fccksfee\u201c von C. Funke f\u00fcr die Junge WLB Esslingen<\/sub><\/td><\/tr><tr><td><sub>2014<\/sub><\/td><td><sub>lange Nacht der Museen im Haus der Geschichte in Stuttgart, gemeinsame<br>Entwicklung mit Dora Lanz<\/sub><\/td><\/tr><tr><td><sub>2015<\/sub><\/td><td><sub>\u201eFrerk du Zwerg\u201c von Finn Ole Heinrich f\u00fcr die Junge WLB Esslingen<\/sub><\/td><\/tr><tr><td><sub>2015<\/sub><\/td><td><sub>Lange Nacht der Museen im Haus der Geschichte: \u201cNapoleon\u201d, Entwicklung, Spiel mit Dora<br>Lanz<\/sub><\/td><\/tr><tr><td><sub>2016<\/sub><\/td><td><sub>\u201eWie sieht&#8217;s denn hier aus?!\u201c St\u00fcckentwicklung mit Tristan Vogt<\/sub><\/td><\/tr><tr><td><sub>2020<\/sub><\/td><td><sub>\u201eArmer Esel Alf\u201c von Cora Annett<\/sub><\/td><\/tr><tr><td><sub>2024<\/sub><\/td><td><sub>&#8222;Kauz und Kekse&#8220; zusammen mit Angelika Jedelhauser<\/sub><\/td><\/tr><\/tbody><\/table><\/figure>\n","protected":false},"excerpt":{"rendered":"<p>Heidrun Warmuth wurde in Wilhelmshaven geboren und lebt zur Zeit mit ihrer Familie in Esslingen am Neckar Foto: Indes Rudel \u00dcber mich Studium, Fortbildung, Praktika 1988\/89 Ein Jahr Praktikum an der Landesb\u00fchne in Wilhelmshaven (Ausstattung) 1989 Praktikum f\u00fcr Kunsttherapie in Rothenburg a. d. W\u00fcmme 1989-94 Studium in Kassel (Kunst\/Visuelle Kommunikation und Deutsch f\u00fcr&#8217;s Gymn.) mit &hellip; <\/p>\n<p class=\"link-more\"><a href=\"https:\/\/www.heidrunwarmuth.de\/?page_id=253\" class=\"more-link\"><span class=\"screen-reader-text\">\u201eVita\u201c <\/span>weiterlesen<\/a><\/p>\n","protected":false},"author":3,"featured_media":1349,"parent":0,"menu_order":0,"comment_status":"closed","ping_status":"closed","template":"","meta":{"ngg_post_thumbnail":0,"footnotes":""},"class_list":["post-253","page","type-page","status-publish","has-post-thumbnail","hentry"],"_links":{"self":[{"href":"https:\/\/www.heidrunwarmuth.de\/index.php?rest_route=\/wp\/v2\/pages\/253","targetHints":{"allow":["GET"]}}],"collection":[{"href":"https:\/\/www.heidrunwarmuth.de\/index.php?rest_route=\/wp\/v2\/pages"}],"about":[{"href":"https:\/\/www.heidrunwarmuth.de\/index.php?rest_route=\/wp\/v2\/types\/page"}],"author":[{"embeddable":true,"href":"https:\/\/www.heidrunwarmuth.de\/index.php?rest_route=\/wp\/v2\/users\/3"}],"replies":[{"embeddable":true,"href":"https:\/\/www.heidrunwarmuth.de\/index.php?rest_route=%2Fwp%2Fv2%2Fcomments&post=253"}],"version-history":[{"count":63,"href":"https:\/\/www.heidrunwarmuth.de\/index.php?rest_route=\/wp\/v2\/pages\/253\/revisions"}],"predecessor-version":[{"id":1710,"href":"https:\/\/www.heidrunwarmuth.de\/index.php?rest_route=\/wp\/v2\/pages\/253\/revisions\/1710"}],"wp:featuredmedia":[{"embeddable":true,"href":"https:\/\/www.heidrunwarmuth.de\/index.php?rest_route=\/wp\/v2\/media\/1349"}],"wp:attachment":[{"href":"https:\/\/www.heidrunwarmuth.de\/index.php?rest_route=%2Fwp%2Fv2%2Fmedia&parent=253"}],"curies":[{"name":"wp","href":"https:\/\/api.w.org\/{rel}","templated":true}]}}