{"id":254,"date":"2021-04-11T10:20:10","date_gmt":"2021-04-11T08:20:10","guid":{"rendered":"https:\/\/www.heidrunwarmuth.de\/?page_id=254"},"modified":"2022-05-21T17:38:30","modified_gmt":"2022-05-21T15:38:30","slug":"presse-resonanz","status":"publish","type":"page","link":"https:\/\/www.heidrunwarmuth.de\/?page_id=254","title":{"rendered":"Presse\/Resonanz"},"content":{"rendered":"\n<p><sup>Ausschnitt aus einer Kritik in der BA von G. Scharf zu einer Auff\u00fchrung in Bensheim am 11.5.2022:<\/sup> <\/p>\n\n\n\n<p>&#8222;<em>(&#8230;)Puppenspielerin Heidrun Warmuth begeisterte ihr junges Publikum. (&#8230;) Sie erz\u00e4hlte die Geschichte vom &#8222;Armen Esel Alf&#8220;, die das Ehepaar Paul und Nele Maar vom Englischen ins Deutsche \u00fcbersetzt hat, so lebendig, warmherzig, mit so viel Einf\u00fchlungsverm\u00f6gen, Gestik, Mimik und Augenzwinkern, dass die kleinen und gro\u00dfen Zuh\u00f6rer ihre wahre Freude daran hatten&#8230;<\/em><\/p>\n\n\n\n<p><\/p>\n\n\n\n<p><sub>E\u00dflinger Zeitung:<\/sub> <\/p>\n\n\n\n<p><em>&#8222;Lebhaft und warmherzig erz\u00e4hlt Heidrun Warmuth mit Puppen die Geschichte vom Esel Alf&#8220;<\/em><\/p>\n\n\n\n<div class=\"wp-block-file\"><a href=\"https:\/\/www.heidrunwarmuth.de\/wp-content\/uploads\/2021\/05\/Kritik-klein.pdf\" class=\"wp-block-file__button\" download aria-describedby=\"wp-block-file--media-4e0781c1-b8ec-47e8-b49c-1ffa79a67c1e\">Herunterladen<\/a><\/div>\n\n\n\n<figure class=\"wp-block-image size-large is-resized\"><img loading=\"lazy\" decoding=\"async\" src=\"https:\/\/www.heidrunwarmuth.de\/wp-content\/uploads\/2021\/04\/Presse-Alf.jpg\" alt=\"\" class=\"wp-image-158\" width=\"284\" height=\"280\" srcset=\"https:\/\/www.heidrunwarmuth.de\/wp-content\/uploads\/2021\/04\/Presse-Alf.jpg 475w, https:\/\/www.heidrunwarmuth.de\/wp-content\/uploads\/2021\/04\/Presse-Alf-300x296.jpg 300w\" sizes=\"auto, (max-width: 284px) 100vw, 284px\" \/><\/figure>\n\n\n\n<p><\/p>\n\n\n\n<p><strong>Bilder von Sch\u00fcler\/Innen der Herderschule Esslingen:<\/strong><\/p>\n\n\n\n<figure class=\"wp-block-image size-large\"><img loading=\"lazy\" decoding=\"async\" width=\"727\" height=\"1024\" src=\"https:\/\/www.heidrunwarmuth.de\/wp-content\/uploads\/2021\/04\/grafik-5-727x1024.png\" alt=\"\" class=\"wp-image-352\" srcset=\"https:\/\/www.heidrunwarmuth.de\/wp-content\/uploads\/2021\/04\/grafik-5-727x1024.png 727w, https:\/\/www.heidrunwarmuth.de\/wp-content\/uploads\/2021\/04\/grafik-5-213x300.png 213w, https:\/\/www.heidrunwarmuth.de\/wp-content\/uploads\/2021\/04\/grafik-5-768x1081.png 768w, https:\/\/www.heidrunwarmuth.de\/wp-content\/uploads\/2021\/04\/grafik-5-1091x1536.png 1091w, https:\/\/www.heidrunwarmuth.de\/wp-content\/uploads\/2021\/04\/grafik-5-1455x2048.png 1455w, https:\/\/www.heidrunwarmuth.de\/wp-content\/uploads\/2021\/04\/grafik-5.png 1660w\" sizes=\"auto, (max-width: 727px) 100vw, 727px\" \/><\/figure>\n\n\n\n<figure class=\"wp-block-image size-large is-resized\"><img loading=\"lazy\" decoding=\"async\" src=\"https:\/\/www.heidrunwarmuth.de\/wp-content\/uploads\/2021\/04\/grafik-6-727x1024.png\" alt=\"\" class=\"wp-image-353\" width=\"674\" height=\"949\" srcset=\"https:\/\/www.heidrunwarmuth.de\/wp-content\/uploads\/2021\/04\/grafik-6-727x1024.png 727w, https:\/\/www.heidrunwarmuth.de\/wp-content\/uploads\/2021\/04\/grafik-6-213x300.png 213w, https:\/\/www.heidrunwarmuth.de\/wp-content\/uploads\/2021\/04\/grafik-6-768x1081.png 768w, https:\/\/www.heidrunwarmuth.de\/wp-content\/uploads\/2021\/04\/grafik-6-1091x1536.png 1091w, https:\/\/www.heidrunwarmuth.de\/wp-content\/uploads\/2021\/04\/grafik-6-1455x2048.png 1455w, https:\/\/www.heidrunwarmuth.de\/wp-content\/uploads\/2021\/04\/grafik-6.png 1660w\" sizes=\"auto, (max-width: 674px) 100vw, 674px\" \/><\/figure>\n\n\n\n<figure class=\"wp-block-image size-large\"><img loading=\"lazy\" decoding=\"async\" width=\"727\" height=\"1024\" src=\"https:\/\/www.heidrunwarmuth.de\/wp-content\/uploads\/2021\/04\/grafik-9-727x1024.png\" alt=\"\" class=\"wp-image-358\" srcset=\"https:\/\/www.heidrunwarmuth.de\/wp-content\/uploads\/2021\/04\/grafik-9-727x1024.png 727w, https:\/\/www.heidrunwarmuth.de\/wp-content\/uploads\/2021\/04\/grafik-9-213x300.png 213w, https:\/\/www.heidrunwarmuth.de\/wp-content\/uploads\/2021\/04\/grafik-9-768x1081.png 768w, https:\/\/www.heidrunwarmuth.de\/wp-content\/uploads\/2021\/04\/grafik-9-1091x1536.png 1091w, https:\/\/www.heidrunwarmuth.de\/wp-content\/uploads\/2021\/04\/grafik-9-1455x2048.png 1455w, https:\/\/www.heidrunwarmuth.de\/wp-content\/uploads\/2021\/04\/grafik-9.png 1660w\" sizes=\"auto, (max-width: 727px) 100vw, 727px\" \/><\/figure>\n\n\n\n<p><\/p>\n\n\n\n<p><\/p>\n\n\n\n<p><\/p>\n\n\n\n<p><\/p>\n\n\n\n<p><strong>Bilder von Sch\u00fcler\/Innen der GS Liebersbronn:<\/strong><\/p>\n\n\n\n<figure class=\"wp-block-image size-large\"><img loading=\"lazy\" decoding=\"async\" width=\"724\" height=\"1024\" src=\"https:\/\/www.heidrunwarmuth.de\/wp-content\/uploads\/2021\/04\/grafik-8-724x1024.png\" alt=\"\" class=\"wp-image-357\" srcset=\"https:\/\/www.heidrunwarmuth.de\/wp-content\/uploads\/2021\/04\/grafik-8-724x1024.png 724w, https:\/\/www.heidrunwarmuth.de\/wp-content\/uploads\/2021\/04\/grafik-8-212x300.png 212w, https:\/\/www.heidrunwarmuth.de\/wp-content\/uploads\/2021\/04\/grafik-8-768x1086.png 768w, https:\/\/www.heidrunwarmuth.de\/wp-content\/uploads\/2021\/04\/grafik-8-1087x1536.png 1087w, https:\/\/www.heidrunwarmuth.de\/wp-content\/uploads\/2021\/04\/grafik-8.png 1240w\" sizes=\"auto, (max-width: 724px) 100vw, 724px\" \/><\/figure>\n\n\n\n<figure class=\"wp-block-image size-large\"><img loading=\"lazy\" decoding=\"async\" width=\"724\" height=\"1024\" src=\"https:\/\/www.heidrunwarmuth.de\/wp-content\/uploads\/2021\/04\/grafik-7-724x1024.png\" alt=\"\" class=\"wp-image-355\" srcset=\"https:\/\/www.heidrunwarmuth.de\/wp-content\/uploads\/2021\/04\/grafik-7-724x1024.png 724w, https:\/\/www.heidrunwarmuth.de\/wp-content\/uploads\/2021\/04\/grafik-7-212x300.png 212w, https:\/\/www.heidrunwarmuth.de\/wp-content\/uploads\/2021\/04\/grafik-7-768x1086.png 768w, https:\/\/www.heidrunwarmuth.de\/wp-content\/uploads\/2021\/04\/grafik-7-1087x1536.png 1087w, https:\/\/www.heidrunwarmuth.de\/wp-content\/uploads\/2021\/04\/grafik-7.png 1240w\" sizes=\"auto, (max-width: 724px) 100vw, 724px\" \/><\/figure>\n\n\n\n<p><\/p>\n\n\n\n<p><\/p>\n","protected":false},"excerpt":{"rendered":"<p>Ausschnitt aus einer Kritik in der BA von G. Scharf zu einer Auff\u00fchrung in Bensheim am 11.5.2022: &#8222;(&#8230;)Puppenspielerin Heidrun Warmuth begeisterte ihr junges Publikum. (&#8230;) Sie erz\u00e4hlte die Geschichte vom &#8222;Armen Esel Alf&#8220;, die das Ehepaar Paul und Nele Maar vom Englischen ins Deutsche \u00fcbersetzt hat, so lebendig, warmherzig, mit so viel Einf\u00fchlungsverm\u00f6gen, Gestik, Mimik &hellip; <\/p>\n<p class=\"link-more\"><a href=\"https:\/\/www.heidrunwarmuth.de\/?page_id=254\" class=\"more-link\"><span class=\"screen-reader-text\">\u201ePresse\/Resonanz\u201c <\/span>weiterlesen<\/a><\/p>\n","protected":false},"author":3,"featured_media":990,"parent":0,"menu_order":0,"comment_status":"closed","ping_status":"closed","template":"","meta":{"ngg_post_thumbnail":0,"footnotes":""},"class_list":["post-254","page","type-page","status-publish","has-post-thumbnail","hentry"],"_links":{"self":[{"href":"https:\/\/www.heidrunwarmuth.de\/index.php?rest_route=\/wp\/v2\/pages\/254","targetHints":{"allow":["GET"]}}],"collection":[{"href":"https:\/\/www.heidrunwarmuth.de\/index.php?rest_route=\/wp\/v2\/pages"}],"about":[{"href":"https:\/\/www.heidrunwarmuth.de\/index.php?rest_route=\/wp\/v2\/types\/page"}],"author":[{"embeddable":true,"href":"https:\/\/www.heidrunwarmuth.de\/index.php?rest_route=\/wp\/v2\/users\/3"}],"replies":[{"embeddable":true,"href":"https:\/\/www.heidrunwarmuth.de\/index.php?rest_route=%2Fwp%2Fv2%2Fcomments&post=254"}],"version-history":[{"count":22,"href":"https:\/\/www.heidrunwarmuth.de\/index.php?rest_route=\/wp\/v2\/pages\/254\/revisions"}],"predecessor-version":[{"id":1551,"href":"https:\/\/www.heidrunwarmuth.de\/index.php?rest_route=\/wp\/v2\/pages\/254\/revisions\/1551"}],"wp:featuredmedia":[{"embeddable":true,"href":"https:\/\/www.heidrunwarmuth.de\/index.php?rest_route=\/wp\/v2\/media\/990"}],"wp:attachment":[{"href":"https:\/\/www.heidrunwarmuth.de\/index.php?rest_route=%2Fwp%2Fv2%2Fmedia&parent=254"}],"curies":[{"name":"wp","href":"https:\/\/api.w.org\/{rel}","templated":true}]}}