{"id":257,"date":"2021-04-11T10:20:10","date_gmt":"2021-04-11T08:20:10","guid":{"rendered":"https:\/\/www.heidrunwarmuth.de\/?page_id=257"},"modified":"2023-11-11T16:04:29","modified_gmt":"2023-11-11T15:04:29","slug":"organisatorisches-alf","status":"publish","type":"page","link":"https:\/\/www.heidrunwarmuth.de\/?page_id=257","title":{"rendered":"Techn.\/Organisatorisches"},"content":{"rendered":"\n<figure class=\"wp-block-table\"><table><tbody><tr><td><em>Zuschauerzahl:<\/em><\/td><td>bis 80, gerne weniger!<\/td><\/tr><tr><td><em>Alter:<\/em><\/td><td>ab vier Jahre, bis 2. Klasse<\/td><\/tr><tr><td><em>Dauer<\/em>:<\/td><td>ca. 45min<\/td><\/tr><tr><td><em>B\u00fchne:<\/em><\/td><td>mindestens 3,5m tief, 3,5m breit,  ebenerdig oder Podest bis 40cm<\/td><\/tr><tr><td><em>Zuschauerraum:<\/em><\/td><td>gerne ansteigende Zuschauerreihen (geht auch mit B\u00e4nken, St\u00fchlen etc.)<\/td><\/tr><tr><td><em>Techn. Voraussetzungen:<\/em><\/td><td>Steckdose, Parkplatz und Ein+ Ausladem\u00f6glichkeit, gerne Umkleidem\u00f6glichkeit, Hilfe beim ein- und Ausladen<\/td><\/tr><tr><td><em>Auf- und Abbauzeit:<\/em><\/td><td>ca. 1h30min Aufbau, 45min Abbau<\/td><\/tr><tr><td><em>Gema\/Tantieme<\/em>:<\/td><td>keine<\/td><\/tr><tr><td><em>Sonstiges:<\/em><\/td><td>bei gutem Wetter kann drau\u00dfen gespielt werden<\/td><\/tr><\/tbody><\/table><\/figure>\n\n\n\n<figure class=\"wp-block-image size-large is-resized\"><img loading=\"lazy\" decoding=\"async\" width=\"1024\" height=\"576\" src=\"https:\/\/www.heidrunwarmuth.de\/wp-content\/uploads\/2021\/05\/WieSiehtsAusStill3Alex.Hector-1024x576.jpg\" alt=\"\" class=\"wp-image-1313\" style=\"width:455px;height:256px\" srcset=\"https:\/\/www.heidrunwarmuth.de\/wp-content\/uploads\/2021\/05\/WieSiehtsAusStill3Alex.Hector-1024x576.jpg 1024w, https:\/\/www.heidrunwarmuth.de\/wp-content\/uploads\/2021\/05\/WieSiehtsAusStill3Alex.Hector-300x169.jpg 300w, https:\/\/www.heidrunwarmuth.de\/wp-content\/uploads\/2021\/05\/WieSiehtsAusStill3Alex.Hector-768x432.jpg 768w, https:\/\/www.heidrunwarmuth.de\/wp-content\/uploads\/2021\/05\/WieSiehtsAusStill3Alex.Hector-1536x864.jpg 1536w, https:\/\/www.heidrunwarmuth.de\/wp-content\/uploads\/2021\/05\/WieSiehtsAusStill3Alex.Hector.jpg 1920w\" sizes=\"auto, (max-width: 767px) 89vw, (max-width: 1000px) 54vw, (max-width: 1071px) 543px, 580px\" \/><\/figure>\n","protected":false},"excerpt":{"rendered":"<p>Zuschauerzahl: bis 80, gerne weniger! Alter: ab vier Jahre, bis 2. Klasse Dauer: ca. 45min B\u00fchne: mindestens 3,5m tief, 3,5m breit, ebenerdig oder Podest bis 40cm Zuschauerraum: gerne ansteigende Zuschauerreihen (geht auch mit B\u00e4nken, St\u00fchlen etc.) Techn. Voraussetzungen: Steckdose, Parkplatz und Ein+ Ausladem\u00f6glichkeit, gerne Umkleidem\u00f6glichkeit, Hilfe beim ein- und Ausladen Auf- und Abbauzeit: ca. 1h30min &hellip; <\/p>\n<p class=\"link-more\"><a href=\"https:\/\/www.heidrunwarmuth.de\/?page_id=257\" class=\"more-link\"><span class=\"screen-reader-text\">\u201eTechn.\/Organisatorisches\u201c <\/span>weiterlesen<\/a><\/p>\n","protected":false},"author":3,"featured_media":0,"parent":0,"menu_order":0,"comment_status":"closed","ping_status":"closed","template":"","meta":{"ngg_post_thumbnail":0,"footnotes":""},"class_list":["post-257","page","type-page","status-publish","hentry"],"_links":{"self":[{"href":"https:\/\/www.heidrunwarmuth.de\/index.php?rest_route=\/wp\/v2\/pages\/257","targetHints":{"allow":["GET"]}}],"collection":[{"href":"https:\/\/www.heidrunwarmuth.de\/index.php?rest_route=\/wp\/v2\/pages"}],"about":[{"href":"https:\/\/www.heidrunwarmuth.de\/index.php?rest_route=\/wp\/v2\/types\/page"}],"author":[{"embeddable":true,"href":"https:\/\/www.heidrunwarmuth.de\/index.php?rest_route=\/wp\/v2\/users\/3"}],"replies":[{"embeddable":true,"href":"https:\/\/www.heidrunwarmuth.de\/index.php?rest_route=%2Fwp%2Fv2%2Fcomments&post=257"}],"version-history":[{"count":9,"href":"https:\/\/www.heidrunwarmuth.de\/index.php?rest_route=\/wp\/v2\/pages\/257\/revisions"}],"predecessor-version":[{"id":1603,"href":"https:\/\/www.heidrunwarmuth.de\/index.php?rest_route=\/wp\/v2\/pages\/257\/revisions\/1603"}],"wp:attachment":[{"href":"https:\/\/www.heidrunwarmuth.de\/index.php?rest_route=%2Fwp%2Fv2%2Fmedia&parent=257"}],"curies":[{"name":"wp","href":"https:\/\/api.w.org\/{rel}","templated":true}]}}