{"id":258,"date":"2021-04-11T10:20:10","date_gmt":"2021-04-11T08:20:10","guid":{"rendered":"https:\/\/www.heidrunwarmuth.de\/?page_id=258"},"modified":"2023-11-11T16:06:50","modified_gmt":"2023-11-11T15:06:50","slug":"organisatorisches-wie-seiht-denn-hier-aus","status":"publish","type":"page","link":"https:\/\/www.heidrunwarmuth.de\/?page_id=258","title":{"rendered":"Techn.\/Organisatorisches: Wie sieht&#8217;s denn hier aus?!"},"content":{"rendered":"\n<p><\/p>\n\n\n\n<figure class=\"wp-block-table\"><table><tbody><tr><td>Dauer:<\/td><td>ca. 45min<\/td><\/tr><tr><td>Alter:<\/td><td>ab 4Jahre bis 2. Klasse<\/td><\/tr><tr><td>Zuschauer:<\/td><td>h\u00f6chstens 80, gerne weniger<\/td><\/tr><tr><td>Zuschauerpl\u00e4tze:<\/td><td>keine Kissenpl\u00e4tze aus Sichtgr\u00fcnden, gerne ansteigend!<\/td><\/tr><tr><td>Techn. Voraussetzungen:<\/td><td>Steckdose, Parkplatz und Ein+ Ausladem\u00f6glichkeit, gerne Umkleidem\u00f6glichkeit und Hilfe bei Ein- und Ausladen<\/td><\/tr><tr><td>Tantieme:<\/td><td>keine<\/td><\/tr><tr><td>Gema:<\/td><td>Liste auf Wunsch<\/td><\/tr><tr><td>Auf- und Abbauzeit:<\/td><td>ca. 1h30min Aufbau, 45min Abbau<\/td><\/tr><tr><td>B\u00fchne:<\/td><td>mindestens 3,5m breit, 3,5m tief, ebenerdig, kein Podest<\/td><\/tr><\/tbody><\/table><\/figure>\n\n\n\n<figure class=\"wp-block-image size-large is-resized\"><img loading=\"lazy\" decoding=\"async\" width=\"1024\" height=\"576\" src=\"https:\/\/www.heidrunwarmuth.de\/wp-content\/uploads\/2021\/05\/WieSiehtsAusStill3Alex.Hector-1024x576.jpg\" alt=\"\" class=\"wp-image-1313\" style=\"width:378px;height:213px\" srcset=\"https:\/\/www.heidrunwarmuth.de\/wp-content\/uploads\/2021\/05\/WieSiehtsAusStill3Alex.Hector-1024x576.jpg 1024w, https:\/\/www.heidrunwarmuth.de\/wp-content\/uploads\/2021\/05\/WieSiehtsAusStill3Alex.Hector-300x169.jpg 300w, https:\/\/www.heidrunwarmuth.de\/wp-content\/uploads\/2021\/05\/WieSiehtsAusStill3Alex.Hector-768x432.jpg 768w, https:\/\/www.heidrunwarmuth.de\/wp-content\/uploads\/2021\/05\/WieSiehtsAusStill3Alex.Hector-1536x864.jpg 1536w, https:\/\/www.heidrunwarmuth.de\/wp-content\/uploads\/2021\/05\/WieSiehtsAusStill3Alex.Hector.jpg 1920w\" sizes=\"auto, (max-width: 767px) 89vw, (max-width: 1000px) 54vw, (max-width: 1071px) 543px, 580px\" \/><\/figure>\n","protected":false},"excerpt":{"rendered":"<p>Dauer: ca. 45min Alter: ab 4Jahre bis 2. Klasse Zuschauer: h\u00f6chstens 80, gerne weniger Zuschauerpl\u00e4tze: keine Kissenpl\u00e4tze aus Sichtgr\u00fcnden, gerne ansteigend! Techn. Voraussetzungen: Steckdose, Parkplatz und Ein+ Ausladem\u00f6glichkeit, gerne Umkleidem\u00f6glichkeit und Hilfe bei Ein- und Ausladen Tantieme: keine Gema: Liste auf Wunsch Auf- und Abbauzeit: ca. 1h30min Aufbau, 45min Abbau B\u00fchne: mindestens 3,5m breit, 3,5m &hellip; <\/p>\n<p class=\"link-more\"><a href=\"https:\/\/www.heidrunwarmuth.de\/?page_id=258\" class=\"more-link\"><span class=\"screen-reader-text\">\u201eTechn.\/Organisatorisches: Wie sieht&#8217;s denn hier aus?!\u201c <\/span>weiterlesen<\/a><\/p>\n","protected":false},"author":3,"featured_media":0,"parent":0,"menu_order":0,"comment_status":"closed","ping_status":"closed","template":"","meta":{"ngg_post_thumbnail":0,"footnotes":""},"class_list":["post-258","page","type-page","status-publish","hentry"],"_links":{"self":[{"href":"https:\/\/www.heidrunwarmuth.de\/index.php?rest_route=\/wp\/v2\/pages\/258","targetHints":{"allow":["GET"]}}],"collection":[{"href":"https:\/\/www.heidrunwarmuth.de\/index.php?rest_route=\/wp\/v2\/pages"}],"about":[{"href":"https:\/\/www.heidrunwarmuth.de\/index.php?rest_route=\/wp\/v2\/types\/page"}],"author":[{"embeddable":true,"href":"https:\/\/www.heidrunwarmuth.de\/index.php?rest_route=\/wp\/v2\/users\/3"}],"replies":[{"embeddable":true,"href":"https:\/\/www.heidrunwarmuth.de\/index.php?rest_route=%2Fwp%2Fv2%2Fcomments&post=258"}],"version-history":[{"count":10,"href":"https:\/\/www.heidrunwarmuth.de\/index.php?rest_route=\/wp\/v2\/pages\/258\/revisions"}],"predecessor-version":[{"id":1605,"href":"https:\/\/www.heidrunwarmuth.de\/index.php?rest_route=\/wp\/v2\/pages\/258\/revisions\/1605"}],"wp:attachment":[{"href":"https:\/\/www.heidrunwarmuth.de\/index.php?rest_route=%2Fwp%2Fv2%2Fmedia&parent=258"}],"curies":[{"name":"wp","href":"https:\/\/api.w.org\/{rel}","templated":true}]}}